{"id":978,"date":"2017-10-23T12:01:03","date_gmt":"2017-10-23T10:01:03","guid":{"rendered":"http:\/\/www.leschambres.it\/?page_id=978"},"modified":"2018-10-03T20:26:13","modified_gmt":"2018-10-03T18:26:13","slug":"sentieri-natura","status":"publish","type":"page","link":"https:\/\/www.leschambres.it\/index.php\/servizi\/sentieri-natura\/","title":{"rendered":"Sentieri  Punta Contessa"},"content":{"rendered":"<h2>Sentieri Natura e Percorsi Mountain Bike<\/h2>\n<p>Per gli amanti del trekking, <span class=\"st\"><em>del Nordic Walking e della Mountain Bike.<br \/>\n<\/em><\/span><\/p>\n<p>Innumerevoli sono i percorsi e i sentieri sparsi in tutto il nostro territorio.<\/p>\n<p>Per esperti praticanti, principianti, o per chi vuole immergersi nella natura delle nostre coste, Santa Teresa Gallura offre molteplici possibilit\u00e0.<\/p>\n<p>I percorsi spaziano dalle scogliere, alle zone nuragiche (vedi Villaggio LU Brandali ), ai vecchi insediamenti Militari (vedi De Caroli ,e Batteria Ferrero, Punta Contessa),\u00a0 ai tracciati costieri; c&#8217;e&#8217; solo l&#8217;imbarazzo della scelta!<\/p>\n<p>Tutti a pochi km dal B&amp;B Les Chambres alcuni sono raggiungibili a piedi, alcuni in pochi minuti d&#8217;auto o di mountain bike.<\/p>\n<p>Per chi fosse interessato a questo tipo di attivit\u00e0 forniremo in loco cartine e mappe del territorio con indicati i sentieri e i tracciati.<\/p>\n<p>Su prenotazione siamo in grado di organizzare delle escursioni guidate.<\/p>\n<p>&nbsp;<\/p>\n<p><img loading=\"lazy\" class=\"alignnone wp-image-984 size-large\" src=\"https:\/\/www.leschambres.it\/wp-content\/uploads\/2017\/10\/sentieri-natura_095-1280x720.jpg\" alt=\"\" width=\"1170\" height=\"658\" srcset=\"https:\/\/www.leschambres.it\/wp-content\/uploads\/2017\/10\/sentieri-natura_095-1280x720.jpg 1280w, https:\/\/www.leschambres.it\/wp-content\/uploads\/2017\/10\/sentieri-natura_095-300x169.jpg 300w, https:\/\/www.leschambres.it\/wp-content\/uploads\/2017\/10\/sentieri-natura_095-768x432.jpg 768w, https:\/\/www.leschambres.it\/wp-content\/uploads\/2017\/10\/sentieri-natura_095-640x360.jpg 640w, https:\/\/www.leschambres.it\/wp-content\/uploads\/2017\/10\/sentieri-natura_095.jpg 1920w\" sizes=\"(max-width: 1170px) 100vw, 1170px\" \/><\/p>\n<h2>Punta Contessa<\/h2>\n<p>E&#8217; parte del Comune di Santa Teresa Gallura ed \u00e8 gestito dall&#8217;ente Foreste della Sardegna.<\/p>\n<p>Raggiungibile attraverso una rete di sentieri sterrati che percorrono tratti molto suggestivi dove si pu\u00f2 godere di alcune fra le pi\u00f9 belle vedute sulla costa e sui promontori immersi nella vegetazione mediterranea.<br \/>\nE&#8217; pssibile ammirare anche le incantevoli rocce granitiche erose dal vento, e suggestivi panorami sulle Bocche di Bonifacio.<\/p>\n<p>&nbsp;<\/p>\n<div id='gallery-1' class='gallery galleryid-978 gallery-columns-3 gallery-size-thumbnail'><figure class='gallery-item'>\n\t\t\t<div class='gallery-icon portrait'>\n\t\t\t\t<a title=\"mappe_316\" href='https:\/\/www.leschambres.it\/wp-content\/uploads\/2017\/10\/mappe_316.jpg'><img width=\"150\" height=\"150\" src=\"https:\/\/www.leschambres.it\/wp-content\/uploads\/2017\/10\/mappe_316-150x150.jpg\" class=\"attachment-thumbnail size-thumbnail\" alt=\"\" loading=\"lazy\" \/><\/a>\n\t\t\t<\/div><\/figure><figure class='gallery-item'>\n\t\t\t<div class='gallery-icon portrait'>\n\t\t\t\t<a title=\"mappe_317\" href='https:\/\/www.leschambres.it\/wp-content\/uploads\/2017\/10\/mappe_317.jpg'><img width=\"150\" height=\"150\" src=\"https:\/\/www.leschambres.it\/wp-content\/uploads\/2017\/10\/mappe_317-150x150.jpg\" class=\"attachment-thumbnail size-thumbnail\" alt=\"\" loading=\"lazy\" \/><\/a>\n\t\t\t<\/div><\/figure><figure class='gallery-item'>\n\t\t\t<div class='gallery-icon portrait'>\n\t\t\t\t<a title=\"mappe_318\" href='https:\/\/www.leschambres.it\/wp-content\/uploads\/2017\/10\/mappe_318.jpg'><img width=\"150\" height=\"150\" src=\"https:\/\/www.leschambres.it\/wp-content\/uploads\/2017\/10\/mappe_318-150x150.jpg\" class=\"attachment-thumbnail size-thumbnail\" alt=\"\" loading=\"lazy\" \/><\/a>\n\t\t\t<\/div><\/figure><figure class='gallery-item'>\n\t\t\t<div class='gallery-icon portrait'>\n\t\t\t\t<a title=\"mappe_319\" href='https:\/\/www.leschambres.it\/wp-content\/uploads\/2017\/10\/mappe_319.jpg'><img width=\"150\" height=\"150\" src=\"https:\/\/www.leschambres.it\/wp-content\/uploads\/2017\/10\/mappe_319-150x150.jpg\" class=\"attachment-thumbnail size-thumbnail\" alt=\"\" loading=\"lazy\" \/><\/a>\n\t\t\t<\/div><\/figure><figure class='gallery-item'>\n\t\t\t<div class='gallery-icon portrait'>\n\t\t\t\t<a title=\"mappe_320\" href='https:\/\/www.leschambres.it\/wp-content\/uploads\/2017\/10\/mappe_320.jpg'><img width=\"150\" height=\"150\" src=\"https:\/\/www.leschambres.it\/wp-content\/uploads\/2017\/10\/mappe_320-150x150.jpg\" class=\"attachment-thumbnail size-thumbnail\" alt=\"\" loading=\"lazy\" \/><\/a>\n\t\t\t<\/div><\/figure><figure class='gallery-item'>\n\t\t\t<div class='gallery-icon portrait'>\n\t\t\t\t<a title=\"mappe_321\" href='https:\/\/www.leschambres.it\/wp-content\/uploads\/2017\/10\/mappe_321.jpg'><img width=\"150\" height=\"150\" src=\"https:\/\/www.leschambres.it\/wp-content\/uploads\/2017\/10\/mappe_321-150x150.jpg\" class=\"attachment-thumbnail size-thumbnail\" alt=\"\" loading=\"lazy\" \/><\/a>\n\t\t\t<\/div><\/figure>\n\t\t<\/div>\n\n<p>&nbsp;<\/p>\n<p>Sistema di aree dedicate alla conservazione della biodiversit\u00e0, caratterizzate dalla presenza di habitat e specie faunistiche e floristiche di interesse comunitario.<\/p>\n<p>Il paesaggio \u00e8 contraddistinto da una notevole variet\u00e0 di forme tipiche di granito, che donano al Sito una forte riconoscibilit\u00e0 e singolarit\u00e0 in termini paesaggistici.<\/p>\n<p>&nbsp;<\/p>\n<p><a href=\"https:\/\/www.leschambres.it\/wp-content\/uploads\/2017\/10\/mappe_323-1.jpg\"><img loading=\"lazy\" class=\"alignnone wp-image-1298 size-full\" src=\"https:\/\/www.leschambres.it\/wp-content\/uploads\/2017\/10\/mappe_323-1.jpg\" alt=\"\" width=\"1080\" height=\"744\" srcset=\"https:\/\/www.leschambres.it\/wp-content\/uploads\/2017\/10\/mappe_323-1.jpg 1080w, https:\/\/www.leschambres.it\/wp-content\/uploads\/2017\/10\/mappe_323-1-300x207.jpg 300w, https:\/\/www.leschambres.it\/wp-content\/uploads\/2017\/10\/mappe_323-1-768x529.jpg 768w\" sizes=\"(max-width: 1080px) 100vw, 1080px\" \/><\/a><\/p>\n<p>La &#8220;rete sentieristica e stata pensata e progettata dall&#8217;ente Foreste della Sardegna in collaborazione con il Comune di Santa Teresa Gallura.<\/p>\n<h2>Insediamento Militare<\/h2>\n<p>Lungo tutto il percorso sono presenti torrette, casermette e resti di un insediamento militare che serviva per il controllo del traffico marittimo sulle Bocche di Bonifacio,<\/p>\n<p>&nbsp;<\/p>\n<p><a href=\"https:\/\/www.leschambres.it\/wp-content\/uploads\/2017\/10\/punta-contessa_277.jpg\"><img loading=\"lazy\" class=\"alignnone wp-image-1266 size-full\" src=\"https:\/\/www.leschambres.it\/wp-content\/uploads\/2017\/10\/punta-contessa_277.jpg\" alt=\"\" width=\"1626\" height=\"1080\" srcset=\"https:\/\/www.leschambres.it\/wp-content\/uploads\/2017\/10\/punta-contessa_277.jpg 1626w, https:\/\/www.leschambres.it\/wp-content\/uploads\/2017\/10\/punta-contessa_277-300x199.jpg 300w, https:\/\/www.leschambres.it\/wp-content\/uploads\/2017\/10\/punta-contessa_277-768x510.jpg 768w, https:\/\/www.leschambres.it\/wp-content\/uploads\/2017\/10\/punta-contessa_277-1280x850.jpg 1280w\" sizes=\"(max-width: 1626px) 100vw, 1626px\" \/><\/a><\/p>\n<p>&nbsp;<\/p>\n<p>Le torrette offrono punti di osservazione panoramiche veramente suggestive<\/p>\n<p>&nbsp;<\/p>\n<p><img loading=\"lazy\" class=\"alignnone wp-image-1258 size-large\" src=\"https:\/\/www.leschambres.it\/wp-content\/uploads\/2017\/10\/punta-contessa_251-1-1280x850.jpg\" alt=\"\" width=\"1170\" height=\"777\" srcset=\"https:\/\/www.leschambres.it\/wp-content\/uploads\/2017\/10\/punta-contessa_251-1-1280x850.jpg 1280w, https:\/\/www.leschambres.it\/wp-content\/uploads\/2017\/10\/punta-contessa_251-1-300x199.jpg 300w, https:\/\/www.leschambres.it\/wp-content\/uploads\/2017\/10\/punta-contessa_251-1-768x510.jpg 768w, https:\/\/www.leschambres.it\/wp-content\/uploads\/2017\/10\/punta-contessa_251-1.jpg 1626w\" sizes=\"(max-width: 1170px) 100vw, 1170px\" \/><\/p>\n<p>&nbsp;<\/p>\n<div id='gallery-2' class='gallery galleryid-978 gallery-columns-3 gallery-size-thumbnail'><figure class='gallery-item'>\n\t\t\t<div class='gallery-icon landscape'>\n\t\t\t\t<a title=\"punta contessa_233\" href='https:\/\/www.leschambres.it\/wp-content\/uploads\/2017\/10\/punta-contessa_233.jpg'><img width=\"150\" height=\"150\" src=\"https:\/\/www.leschambres.it\/wp-content\/uploads\/2017\/10\/punta-contessa_233-150x150.jpg\" class=\"attachment-thumbnail size-thumbnail\" alt=\"\" loading=\"lazy\" \/><\/a>\n\t\t\t<\/div><\/figure><figure class='gallery-item'>\n\t\t\t<div class='gallery-icon landscape'>\n\t\t\t\t<a title=\"punta contessa_234\" href='https:\/\/www.leschambres.it\/wp-content\/uploads\/2017\/10\/punta-contessa_234.jpg'><img width=\"150\" height=\"150\" src=\"https:\/\/www.leschambres.it\/wp-content\/uploads\/2017\/10\/punta-contessa_234-150x150.jpg\" class=\"attachment-thumbnail size-thumbnail\" alt=\"\" loading=\"lazy\" \/><\/a>\n\t\t\t<\/div><\/figure><figure class='gallery-item'>\n\t\t\t<div class='gallery-icon landscape'>\n\t\t\t\t<a title=\"punta contessa_241\" href='https:\/\/www.leschambres.it\/wp-content\/uploads\/2017\/10\/punta-contessa_241.jpg'><img width=\"150\" height=\"150\" src=\"https:\/\/www.leschambres.it\/wp-content\/uploads\/2017\/10\/punta-contessa_241-150x150.jpg\" class=\"attachment-thumbnail size-thumbnail\" alt=\"\" loading=\"lazy\" \/><\/a>\n\t\t\t<\/div><\/figure><figure class='gallery-item'>\n\t\t\t<div class='gallery-icon landscape'>\n\t\t\t\t<a title=\"punta contessa_242\" href='https:\/\/www.leschambres.it\/wp-content\/uploads\/2017\/10\/punta-contessa_242.jpg'><img width=\"150\" height=\"150\" src=\"https:\/\/www.leschambres.it\/wp-content\/uploads\/2017\/10\/punta-contessa_242-150x150.jpg\" class=\"attachment-thumbnail size-thumbnail\" alt=\"\" loading=\"lazy\" \/><\/a>\n\t\t\t<\/div><\/figure><figure class='gallery-item'>\n\t\t\t<div class='gallery-icon landscape'>\n\t\t\t\t<a title=\"punta contessa_243\" href='https:\/\/www.leschambres.it\/wp-content\/uploads\/2017\/10\/punta-contessa_243.jpg'><img width=\"150\" height=\"150\" src=\"https:\/\/www.leschambres.it\/wp-content\/uploads\/2017\/10\/punta-contessa_243-150x150.jpg\" class=\"attachment-thumbnail size-thumbnail\" alt=\"\" loading=\"lazy\" \/><\/a>\n\t\t\t<\/div><\/figure><figure class='gallery-item'>\n\t\t\t<div class='gallery-icon landscape'>\n\t\t\t\t<a title=\"punta contessa_244\" href='https:\/\/www.leschambres.it\/wp-content\/uploads\/2017\/10\/punta-contessa_244.jpg'><img width=\"150\" height=\"150\" src=\"https:\/\/www.leschambres.it\/wp-content\/uploads\/2017\/10\/punta-contessa_244-150x150.jpg\" class=\"attachment-thumbnail size-thumbnail\" alt=\"\" loading=\"lazy\" \/><\/a>\n\t\t\t<\/div><\/figure><figure class='gallery-item'>\n\t\t\t<div class='gallery-icon landscape'>\n\t\t\t\t<a title=\"punta contessa_250\" href='https:\/\/www.leschambres.it\/wp-content\/uploads\/2017\/10\/punta-contessa_250.jpg'><img width=\"150\" height=\"150\" src=\"https:\/\/www.leschambres.it\/wp-content\/uploads\/2017\/10\/punta-contessa_250-150x150.jpg\" class=\"attachment-thumbnail size-thumbnail\" alt=\"\" loading=\"lazy\" \/><\/a>\n\t\t\t<\/div><\/figure><figure class='gallery-item'>\n\t\t\t<div class='gallery-icon landscape'>\n\t\t\t\t<a title=\"punta contessa_252\" href='https:\/\/www.leschambres.it\/wp-content\/uploads\/2017\/10\/punta-contessa_252.jpg'><img width=\"150\" height=\"150\" src=\"https:\/\/www.leschambres.it\/wp-content\/uploads\/2017\/10\/punta-contessa_252-150x150.jpg\" class=\"attachment-thumbnail size-thumbnail\" alt=\"\" loading=\"lazy\" \/><\/a>\n\t\t\t<\/div><\/figure><figure class='gallery-item'>\n\t\t\t<div class='gallery-icon landscape'>\n\t\t\t\t<a title=\"punta contessa_253\" href='https:\/\/www.leschambres.it\/wp-content\/uploads\/2017\/10\/punta-contessa_253.jpg'><img width=\"150\" height=\"150\" src=\"https:\/\/www.leschambres.it\/wp-content\/uploads\/2017\/10\/punta-contessa_253-150x150.jpg\" class=\"attachment-thumbnail size-thumbnail\" alt=\"\" loading=\"lazy\" \/><\/a>\n\t\t\t<\/div><\/figure><figure class='gallery-item'>\n\t\t\t<div class='gallery-icon portrait'>\n\t\t\t\t<a title=\"punta contessa_254\" href='https:\/\/www.leschambres.it\/wp-content\/uploads\/2017\/10\/punta-contessa_254.jpg'><img width=\"150\" height=\"150\" src=\"https:\/\/www.leschambres.it\/wp-content\/uploads\/2017\/10\/punta-contessa_254-150x150.jpg\" class=\"attachment-thumbnail size-thumbnail\" alt=\"\" loading=\"lazy\" \/><\/a>\n\t\t\t<\/div><\/figure><figure class='gallery-item'>\n\t\t\t<div class='gallery-icon landscape'>\n\t\t\t\t<a title=\"punta contessa_255\" href='https:\/\/www.leschambres.it\/wp-content\/uploads\/2017\/10\/punta-contessa_255.jpg'><img width=\"150\" height=\"150\" src=\"https:\/\/www.leschambres.it\/wp-content\/uploads\/2017\/10\/punta-contessa_255-150x150.jpg\" class=\"attachment-thumbnail size-thumbnail\" alt=\"\" loading=\"lazy\" \/><\/a>\n\t\t\t<\/div><\/figure><figure class='gallery-item'>\n\t\t\t<div class='gallery-icon landscape'>\n\t\t\t\t<a title=\"punta contessa_256\" href='https:\/\/www.leschambres.it\/wp-content\/uploads\/2017\/10\/punta-contessa_256.jpg'><img width=\"150\" height=\"150\" src=\"https:\/\/www.leschambres.it\/wp-content\/uploads\/2017\/10\/punta-contessa_256-150x150.jpg\" class=\"attachment-thumbnail size-thumbnail\" alt=\"\" loading=\"lazy\" \/><\/a>\n\t\t\t<\/div><\/figure><figure class='gallery-item'>\n\t\t\t<div class='gallery-icon landscape'>\n\t\t\t\t<a title=\"punta contessa_257\" href='https:\/\/www.leschambres.it\/wp-content\/uploads\/2017\/10\/punta-contessa_257.jpg'><img width=\"150\" height=\"150\" src=\"https:\/\/www.leschambres.it\/wp-content\/uploads\/2017\/10\/punta-contessa_257-150x150.jpg\" class=\"attachment-thumbnail size-thumbnail\" alt=\"\" loading=\"lazy\" \/><\/a>\n\t\t\t<\/div><\/figure><figure class='gallery-item'>\n\t\t\t<div class='gallery-icon landscape'>\n\t\t\t\t<a title=\"punta contessa_258\" href='https:\/\/www.leschambres.it\/wp-content\/uploads\/2017\/10\/punta-contessa_258.jpg'><img width=\"150\" height=\"150\" src=\"https:\/\/www.leschambres.it\/wp-content\/uploads\/2017\/10\/punta-contessa_258-150x150.jpg\" class=\"attachment-thumbnail size-thumbnail\" alt=\"\" loading=\"lazy\" \/><\/a>\n\t\t\t<\/div><\/figure><figure class='gallery-item'>\n\t\t\t<div class='gallery-icon landscape'>\n\t\t\t\t<a title=\"punta contessa_259\" href='https:\/\/www.leschambres.it\/wp-content\/uploads\/2017\/10\/punta-contessa_259.jpg'><img width=\"150\" height=\"150\" src=\"https:\/\/www.leschambres.it\/wp-content\/uploads\/2017\/10\/punta-contessa_259-150x150.jpg\" class=\"attachment-thumbnail size-thumbnail\" alt=\"\" loading=\"lazy\" \/><\/a>\n\t\t\t<\/div><\/figure><figure class='gallery-item'>\n\t\t\t<div class='gallery-icon landscape'>\n\t\t\t\t<a title=\"punta contessa_260\" href='https:\/\/www.leschambres.it\/wp-content\/uploads\/2017\/10\/punta-contessa_260.jpg'><img width=\"150\" height=\"150\" src=\"https:\/\/www.leschambres.it\/wp-content\/uploads\/2017\/10\/punta-contessa_260-150x150.jpg\" class=\"attachment-thumbnail size-thumbnail\" alt=\"\" loading=\"lazy\" \/><\/a>\n\t\t\t<\/div><\/figure><figure class='gallery-item'>\n\t\t\t<div class='gallery-icon landscape'>\n\t\t\t\t<a title=\"punta contessa_261\" href='https:\/\/www.leschambres.it\/wp-content\/uploads\/2017\/10\/punta-contessa_261.jpg'><img width=\"150\" height=\"150\" src=\"https:\/\/www.leschambres.it\/wp-content\/uploads\/2017\/10\/punta-contessa_261-150x150.jpg\" class=\"attachment-thumbnail size-thumbnail\" alt=\"\" loading=\"lazy\" \/><\/a>\n\t\t\t<\/div><\/figure><figure class='gallery-item'>\n\t\t\t<div class='gallery-icon landscape'>\n\t\t\t\t<a title=\"punta contessa_263\" href='https:\/\/www.leschambres.it\/wp-content\/uploads\/2017\/10\/punta-contessa_263.jpg'><img width=\"150\" height=\"150\" src=\"https:\/\/www.leschambres.it\/wp-content\/uploads\/2017\/10\/punta-contessa_263-150x150.jpg\" class=\"attachment-thumbnail size-thumbnail\" alt=\"\" loading=\"lazy\" \/><\/a>\n\t\t\t<\/div><\/figure><figure class='gallery-item'>\n\t\t\t<div class='gallery-icon landscape'>\n\t\t\t\t<a title=\"punta contessa_264\" href='https:\/\/www.leschambres.it\/wp-content\/uploads\/2017\/10\/punta-contessa_264.jpg'><img width=\"150\" height=\"150\" src=\"https:\/\/www.leschambres.it\/wp-content\/uploads\/2017\/10\/punta-contessa_264-150x150.jpg\" class=\"attachment-thumbnail size-thumbnail\" alt=\"\" loading=\"lazy\" \/><\/a>\n\t\t\t<\/div><\/figure><figure class='gallery-item'>\n\t\t\t<div class='gallery-icon landscape'>\n\t\t\t\t<a title=\"punta contessa_272\" href='https:\/\/www.leschambres.it\/wp-content\/uploads\/2017\/10\/punta-contessa_272.jpg'><img width=\"150\" height=\"150\" src=\"https:\/\/www.leschambres.it\/wp-content\/uploads\/2017\/10\/punta-contessa_272-150x150.jpg\" class=\"attachment-thumbnail size-thumbnail\" alt=\"\" loading=\"lazy\" \/><\/a>\n\t\t\t<\/div><\/figure><figure class='gallery-item'>\n\t\t\t<div class='gallery-icon landscape'>\n\t\t\t\t<a title=\"punta contessa_274\" href='https:\/\/www.leschambres.it\/wp-content\/uploads\/2017\/10\/punta-contessa_274.jpg'><img width=\"150\" height=\"150\" src=\"https:\/\/www.leschambres.it\/wp-content\/uploads\/2017\/10\/punta-contessa_274-150x150.jpg\" class=\"attachment-thumbnail size-thumbnail\" alt=\"\" loading=\"lazy\" \/><\/a>\n\t\t\t<\/div><\/figure><figure class='gallery-item'>\n\t\t\t<div class='gallery-icon landscape'>\n\t\t\t\t<a title=\"punta contessa_276\" href='https:\/\/www.leschambres.it\/wp-content\/uploads\/2017\/10\/punta-contessa_276.jpg'><img width=\"150\" height=\"150\" src=\"https:\/\/www.leschambres.it\/wp-content\/uploads\/2017\/10\/punta-contessa_276-150x150.jpg\" class=\"attachment-thumbnail size-thumbnail\" alt=\"\" loading=\"lazy\" \/><\/a>\n\t\t\t<\/div><\/figure><figure class='gallery-item'>\n\t\t\t<div class='gallery-icon landscape'>\n\t\t\t\t<a title=\"punta contessa_278\" href='https:\/\/www.leschambres.it\/wp-content\/uploads\/2017\/10\/punta-contessa_278.jpg'><img width=\"150\" height=\"150\" src=\"https:\/\/www.leschambres.it\/wp-content\/uploads\/2017\/10\/punta-contessa_278-150x150.jpg\" class=\"attachment-thumbnail size-thumbnail\" alt=\"\" loading=\"lazy\" \/><\/a>\n\t\t\t<\/div><\/figure><figure class='gallery-item'>\n\t\t\t<div class='gallery-icon landscape'>\n\t\t\t\t<a title=\"punta contessa_279\" href='https:\/\/www.leschambres.it\/wp-content\/uploads\/2017\/10\/punta-contessa_279.jpg'><img width=\"150\" height=\"150\" src=\"https:\/\/www.leschambres.it\/wp-content\/uploads\/2017\/10\/punta-contessa_279-150x150.jpg\" class=\"attachment-thumbnail size-thumbnail\" alt=\"\" loading=\"lazy\" \/><\/a>\n\t\t\t<\/div><\/figure><figure class='gallery-item'>\n\t\t\t<div class='gallery-icon landscape'>\n\t\t\t\t<a title=\"punta contessa_280\" href='https:\/\/www.leschambres.it\/wp-content\/uploads\/2017\/10\/punta-contessa_280.jpg'><img width=\"150\" height=\"150\" src=\"https:\/\/www.leschambres.it\/wp-content\/uploads\/2017\/10\/punta-contessa_280-150x150.jpg\" class=\"attachment-thumbnail size-thumbnail\" alt=\"\" loading=\"lazy\" \/><\/a>\n\t\t\t<\/div><\/figure><figure class='gallery-item'>\n\t\t\t<div class='gallery-icon landscape'>\n\t\t\t\t<a title=\"punta contessa_288\" href='https:\/\/www.leschambres.it\/wp-content\/uploads\/2017\/10\/punta-contessa_288.jpg'><img width=\"150\" height=\"150\" src=\"https:\/\/www.leschambres.it\/wp-content\/uploads\/2017\/10\/punta-contessa_288-150x150.jpg\" class=\"attachment-thumbnail size-thumbnail\" alt=\"\" loading=\"lazy\" \/><\/a>\n\t\t\t<\/div><\/figure><figure class='gallery-item'>\n\t\t\t<div class='gallery-icon landscape'>\n\t\t\t\t<a title=\"punta contessa_289\" href='https:\/\/www.leschambres.it\/wp-content\/uploads\/2017\/10\/punta-contessa_289.jpg'><img width=\"150\" height=\"150\" src=\"https:\/\/www.leschambres.it\/wp-content\/uploads\/2017\/10\/punta-contessa_289-150x150.jpg\" class=\"attachment-thumbnail size-thumbnail\" alt=\"\" loading=\"lazy\" \/><\/a>\n\t\t\t<\/div><\/figure><figure class='gallery-item'>\n\t\t\t<div class='gallery-icon landscape'>\n\t\t\t\t<a title=\"punta contessa_290\" href='https:\/\/www.leschambres.it\/wp-content\/uploads\/2017\/10\/punta-contessa_290.jpg'><img width=\"150\" height=\"150\" src=\"https:\/\/www.leschambres.it\/wp-content\/uploads\/2017\/10\/punta-contessa_290-150x150.jpg\" class=\"attachment-thumbnail size-thumbnail\" alt=\"\" loading=\"lazy\" \/><\/a>\n\t\t\t<\/div><\/figure><figure class='gallery-item'>\n\t\t\t<div class='gallery-icon portrait'>\n\t\t\t\t<a title=\"punta contessa_291\" href='https:\/\/www.leschambres.it\/wp-content\/uploads\/2017\/10\/punta-contessa_291.jpg'><img width=\"150\" height=\"150\" src=\"https:\/\/www.leschambres.it\/wp-content\/uploads\/2017\/10\/punta-contessa_291-150x150.jpg\" class=\"attachment-thumbnail size-thumbnail\" alt=\"\" loading=\"lazy\" \/><\/a>\n\t\t\t<\/div><\/figure>\n\t\t<\/div>\n\n<h3><a href=\"https:\/\/www.leschambres.it\/wp-content\/uploads\/2018\/04\/DSC_0085.jpg\"><img loading=\"lazy\" class=\"alignnone size-large wp-image-1669\" src=\"https:\/\/www.leschambres.it\/wp-content\/uploads\/2018\/04\/DSC_0085-1280x850.jpg\" alt=\"\" width=\"1170\" height=\"777\" srcset=\"https:\/\/www.leschambres.it\/wp-content\/uploads\/2018\/04\/DSC_0085-1280x850.jpg 1280w, https:\/\/www.leschambres.it\/wp-content\/uploads\/2018\/04\/DSC_0085-300x199.jpg 300w, https:\/\/www.leschambres.it\/wp-content\/uploads\/2018\/04\/DSC_0085-768x510.jpg 768w, https:\/\/www.leschambres.it\/wp-content\/uploads\/2018\/04\/DSC_0085.jpg 1626w\" sizes=\"(max-width: 1170px) 100vw, 1170px\" \/><\/a><\/h3>\n<h3>Sentiero Natura<\/h3>\n<p>Questo sentiero Parte dalla Spiaggia di Rena Bianca, per arrivare a Capo testa, attraversando Punta Contessa e l&#8217;insediamento Militare di Garassini.<\/p>\n<p><iframe src=\"https:\/\/www.google.com\/maps\/d\/embed?mid=1EQHkeT6M64B_xQIdIrAM5gVLtHvEFk9M\" width=\"100%\" height=\"480\"><\/iframe><\/p>\n<h3><\/h3>\n<h3>I nostri consigli:<\/h3>\n<ul>\n<li>Consigliamo di chiedere informazioni prima di intraprendere qualsiasi percorso poich\u00e8 il territorio prevalentemente costiero non \u00e8 sempre facilmente percorribile, e i sentieri non sono sempre ben tracciati.<\/li>\n<li>Per chi volesse noleggiare Mountain Bike forniremo indicazioni su noleggi convenzionati.<\/li>\n<\/ul>\n","protected":false},"excerpt":{"rendered":"<p>Sentieri Natura e Percorsi Mountain Bike Per gli amanti del trekking, del Nordic Walking e della Mountain Bike. Innumerevoli sono i percorsi e i sentieri sparsi in tutto il nostro territorio. Per esperti praticanti, principianti, o per chi vuole immergersi nella natura delle nostre coste, Santa Teresa Gallura offre molteplici possibilit\u00e0. I percorsi spaziano dalle scogliere, alle zone nuragiche (vedi Villaggio LU Brandali ), ai vecchi insediamenti Militari (vedi De Caroli ,e Batteria Ferrero, Punta Contessa),\u00a0 ai tracciati costieri; c&#8217;e&#8217; solo l&#8217;imbarazzo della scelta! Tutti a pochi km dal B&amp;B Les Chambres alcuni sono raggiungibili a piedi, alcuni in pochi minuti d&#8217;auto o di mountain bike. Per chi fosse interessato a questo tipo di attivit\u00e0 forniremo in loco cartine e mappe del territorio con indicati i sentieri e i tracciati. Su prenotazione siamo in grado di organizzare delle escursioni guidate. &nbsp; Punta Contessa E&#8217; parte del Comune di Santa Teresa Gallura ed \u00e8 gestito dall&#8217;ente Foreste della Sardegna. Raggiungibile attraverso una rete di sentieri sterrati che percorrono tratti molto suggestivi dove si pu\u00f2 godere di alcune fra le pi\u00f9 belle vedute sulla costa e sui promontori immersi nella vegetazione mediterranea. E&#8217; pssibile ammirare anche le incantevoli rocce granitiche erose dal vento, e suggestivi panorami sulle Bocche di Bonifacio. &nbsp; &nbsp; Sistema di aree dedicate alla conservazione della biodiversit\u00e0, caratterizzate dalla presenza di habitat e specie faunistiche e floristiche di interesse comunitario. Il paesaggio \u00e8 contraddistinto da una notevole variet\u00e0 di forme tipiche di granito, che donano al Sito una forte riconoscibilit\u00e0 e singolarit\u00e0 in termini paesaggistici. &nbsp; La &#8220;rete sentieristica e stata pensata e progettata dall&#8217;ente Foreste della Sardegna in collaborazione con il Comune di Santa Teresa Gallura. Insediamento Militare Lungo tutto il percorso sono presenti torrette, casermette e resti di un insediamento militare che serviva per il controllo del traffico marittimo sulle Bocche di Bonifacio, &nbsp; &nbsp; Le torrette offrono punti di osservazione panoramiche veramente suggestive &nbsp; &nbsp; Sentiero Natura Questo sentiero Parte dalla Spiaggia di Rena Bianca, per arrivare a Capo testa, attraversando Punta Contessa e l&#8217;insediamento Militare di Garassini. I nostri consigli: Consigliamo di chiedere informazioni prima di intraprendere qualsiasi percorso poich\u00e8 il territorio prevalentemente costiero non \u00e8 sempre facilmente percorribile, e i sentieri non sono sempre ben tracciati. Per chi volesse noleggiare Mountain Bike forniremo indicazioni su noleggi convenzionati.<\/p>\n","protected":false},"author":2,"featured_media":0,"parent":522,"menu_order":0,"comment_status":"closed","ping_status":"closed","template":"","meta":[],"_links":{"self":[{"href":"https:\/\/www.leschambres.it\/index.php\/wp-json\/wp\/v2\/pages\/978"}],"collection":[{"href":"https:\/\/www.leschambres.it\/index.php\/wp-json\/wp\/v2\/pages"}],"about":[{"href":"https:\/\/www.leschambres.it\/index.php\/wp-json\/wp\/v2\/types\/page"}],"author":[{"embeddable":true,"href":"https:\/\/www.leschambres.it\/index.php\/wp-json\/wp\/v2\/users\/2"}],"replies":[{"embeddable":true,"href":"https:\/\/www.leschambres.it\/index.php\/wp-json\/wp\/v2\/comments?post=978"}],"version-history":[{"count":25,"href":"https:\/\/www.leschambres.it\/index.php\/wp-json\/wp\/v2\/pages\/978\/revisions"}],"predecessor-version":[{"id":2030,"href":"https:\/\/www.leschambres.it\/index.php\/wp-json\/wp\/v2\/pages\/978\/revisions\/2030"}],"up":[{"embeddable":true,"href":"https:\/\/www.leschambres.it\/index.php\/wp-json\/wp\/v2\/pages\/522"}],"wp:attachment":[{"href":"https:\/\/www.leschambres.it\/index.php\/wp-json\/wp\/v2\/media?parent=978"}],"curies":[{"name":"wp","href":"https:\/\/api.w.org\/{rel}","templated":true}]}}