{"id":641,"date":"2017-10-17T10:09:00","date_gmt":"2017-10-17T08:09:00","guid":{"rendered":"http:\/\/www.leschambres.it\/?page_id=641"},"modified":"2018-11-02T20:38:03","modified_gmt":"2018-11-02T19:38:03","slug":"porto-quadro","status":"publish","type":"page","link":"https:\/\/www.leschambres.it\/index.php\/galleria-fotografica\/porto-quadro\/","title":{"rendered":"Porto Quadro"},"content":{"rendered":"<p>Bellissima spiaggia immersa nella natura e riparata dai venti di Ponente, dista qualche chilometro dal B&amp;B Les Chambres e dal centro urbano, per questo non molto frequentata anche in alta stagione,<\/p>\n<p><img loading=\"lazy\" class=\"alignnone wp-image-917 size-large\" src=\"https:\/\/www.leschambres.it\/wp-content\/uploads\/2017\/10\/Porto-quadro_061-1280x960.jpg\" alt=\"\" width=\"1170\" height=\"878\" srcset=\"https:\/\/www.leschambres.it\/wp-content\/uploads\/2017\/10\/Porto-quadro_061-1280x960.jpg 1280w, https:\/\/www.leschambres.it\/wp-content\/uploads\/2017\/10\/Porto-quadro_061-300x225.jpg 300w, https:\/\/www.leschambres.it\/wp-content\/uploads\/2017\/10\/Porto-quadro_061-768x576.jpg 768w, https:\/\/www.leschambres.it\/wp-content\/uploads\/2017\/10\/Porto-quadro_061-400x300.jpg 400w, https:\/\/www.leschambres.it\/wp-content\/uploads\/2017\/10\/Porto-quadro_061.jpg 1440w\" sizes=\"(max-width: 1170px) 100vw, 1170px\" \/><\/p>\n<p>La spiaggia \u00e8 attrezzata, possibilit\u00e0 di noleggio sdraio ed ombrelloni,<\/p>\n<p>\u00e8 presente anche un simpatico chiosco con tavolini direttamente sulla spiaggia.<\/p>\n<div id='gallery-1' class='gallery galleryid-641 gallery-columns-3 gallery-size-thumbnail'><figure class='gallery-item'>\n\t\t\t<div class='gallery-icon landscape'>\n\t\t\t\t<a title=\"Porto quadro_060\" href='https:\/\/www.leschambres.it\/wp-content\/uploads\/2017\/10\/Porto-quadro_060.jpg'><img width=\"150\" height=\"150\" src=\"https:\/\/www.leschambres.it\/wp-content\/uploads\/2017\/10\/Porto-quadro_060-150x150.jpg\" class=\"attachment-thumbnail size-thumbnail\" alt=\"\" loading=\"lazy\" \/><\/a>\n\t\t\t<\/div><\/figure><figure class='gallery-item'>\n\t\t\t<div class='gallery-icon portrait'>\n\t\t\t\t<a title=\"Porto quadro_067\" href='https:\/\/www.leschambres.it\/wp-content\/uploads\/2017\/10\/Porto-quadro_067.jpg'><img width=\"150\" height=\"150\" src=\"https:\/\/www.leschambres.it\/wp-content\/uploads\/2017\/10\/Porto-quadro_067-150x150.jpg\" class=\"attachment-thumbnail size-thumbnail\" alt=\"\" loading=\"lazy\" \/><\/a>\n\t\t\t<\/div><\/figure><figure class='gallery-item'>\n\t\t\t<div class='gallery-icon landscape'>\n\t\t\t\t<a title=\"Porto quadro_066\" href='https:\/\/www.leschambres.it\/wp-content\/uploads\/2017\/10\/Porto-quadro_066.jpg'><img width=\"150\" height=\"150\" src=\"https:\/\/www.leschambres.it\/wp-content\/uploads\/2017\/10\/Porto-quadro_066-150x150.jpg\" class=\"attachment-thumbnail size-thumbnail\" alt=\"\" loading=\"lazy\" \/><\/a>\n\t\t\t<\/div><\/figure>\n\t\t<\/div>\n\n<p>Un sentiero sulla scogliera conduce all&#8217;insediamento militare di <a href=\"https:\/\/www.leschambres.it\/index.php\/galleria-fotografica\/insediamento-militare-punta-falcone\/\">Punta Falcone<\/a>,<\/p>\n<div id='gallery-2' class='gallery galleryid-641 gallery-columns-3 gallery-size-thumbnail'><figure class='gallery-item'>\n\t\t\t<div class='gallery-icon landscape'>\n\t\t\t\t<a title=\"Porto quadro_063\" href='https:\/\/www.leschambres.it\/wp-content\/uploads\/2017\/10\/Porto-quadro_063.jpg'><img width=\"150\" height=\"150\" src=\"https:\/\/www.leschambres.it\/wp-content\/uploads\/2017\/10\/Porto-quadro_063-150x150.jpg\" class=\"attachment-thumbnail size-thumbnail\" alt=\"\" loading=\"lazy\" \/><\/a>\n\t\t\t<\/div><\/figure><figure class='gallery-item'>\n\t\t\t<div class='gallery-icon landscape'>\n\t\t\t\t<a title=\"Porto quadro_064\" href='https:\/\/www.leschambres.it\/wp-content\/uploads\/2017\/10\/Porto-quadro_064.jpg'><img width=\"150\" height=\"150\" src=\"https:\/\/www.leschambres.it\/wp-content\/uploads\/2017\/10\/Porto-quadro_064-150x150.jpg\" class=\"attachment-thumbnail size-thumbnail\" alt=\"\" loading=\"lazy\" \/><\/a>\n\t\t\t<\/div><\/figure><figure class='gallery-item'>\n\t\t\t<div class='gallery-icon landscape'>\n\t\t\t\t<a title=\"Porto quadro_065\" href='https:\/\/www.leschambres.it\/wp-content\/uploads\/2017\/10\/Porto-quadro_065.jpg'><img width=\"150\" height=\"150\" src=\"https:\/\/www.leschambres.it\/wp-content\/uploads\/2017\/10\/Porto-quadro_065-150x150.jpg\" class=\"attachment-thumbnail size-thumbnail\" alt=\"\" loading=\"lazy\" \/><\/a>\n\t\t\t<\/div><\/figure>\n\t\t<\/div>\n\n<p><iframe src=\"https:\/\/www.google.com\/maps\/d\/embed?mid=186MsLBsB130g7cW-H_qqnR_Ty5yeOOMH\" width=\"100%\" height=\"480\"><\/iframe><\/p>\n<p>&nbsp;<\/p>\n<h3>I nostri consigli:<\/h3>\n<ul>\n<li>La spiaggia serve il vicino villaggio di Porto Quadro, ma la lontananza dal centro di Santa Teresa fa si che anche in alta stagione non sia troppo affollata.<\/li>\n<li>Raggiungibile in 10 minuti in auto passando dalla strada che porta al porto turistico per la localita la Filetta.<\/li>\n<li>L&#8217;unica spiaggia del comune di Santa Teresa\u00a0 in cui sono ammessi gli animali<\/li>\n<li>Possibilit\u00e0 di noleggio lettini e ombrelloni.<\/li>\n<li>E&#8217; presente un chiosco per chi volesse acquistare bibite fresce o dei panini.<\/li>\n<\/ul>\n","protected":false},"excerpt":{"rendered":"<p>Bellissima spiaggia immersa nella natura e riparata dai venti di Ponente, dista qualche chilometro dal B&amp;B Les Chambres e dal centro urbano, per questo non molto frequentata anche in alta stagione, La spiaggia \u00e8 attrezzata, possibilit\u00e0 di noleggio sdraio ed ombrelloni, \u00e8 presente anche un simpatico chiosco con tavolini direttamente sulla spiaggia. Un sentiero sulla scogliera conduce all&#8217;insediamento militare di Punta Falcone, &nbsp; I nostri consigli: La spiaggia serve il vicino villaggio di Porto Quadro, ma la lontananza dal centro di Santa Teresa fa si che anche in alta stagione non sia troppo affollata. Raggiungibile in 10 minuti in auto passando dalla strada che porta al porto turistico per la localita la Filetta. L&#8217;unica spiaggia del comune di Santa Teresa\u00a0 in cui sono ammessi gli animali Possibilit\u00e0 di noleggio lettini e ombrelloni. E&#8217; presente un chiosco per chi volesse acquistare bibite fresce o dei panini.<\/p>\n","protected":false},"author":2,"featured_media":0,"parent":599,"menu_order":0,"comment_status":"closed","ping_status":"closed","template":"","meta":[],"_links":{"self":[{"href":"https:\/\/www.leschambres.it\/index.php\/wp-json\/wp\/v2\/pages\/641"}],"collection":[{"href":"https:\/\/www.leschambres.it\/index.php\/wp-json\/wp\/v2\/pages"}],"about":[{"href":"https:\/\/www.leschambres.it\/index.php\/wp-json\/wp\/v2\/types\/page"}],"author":[{"embeddable":true,"href":"https:\/\/www.leschambres.it\/index.php\/wp-json\/wp\/v2\/users\/2"}],"replies":[{"embeddable":true,"href":"https:\/\/www.leschambres.it\/index.php\/wp-json\/wp\/v2\/comments?post=641"}],"version-history":[{"count":20,"href":"https:\/\/www.leschambres.it\/index.php\/wp-json\/wp\/v2\/pages\/641\/revisions"}],"predecessor-version":[{"id":2079,"href":"https:\/\/www.leschambres.it\/index.php\/wp-json\/wp\/v2\/pages\/641\/revisions\/2079"}],"up":[{"embeddable":true,"href":"https:\/\/www.leschambres.it\/index.php\/wp-json\/wp\/v2\/pages\/599"}],"wp:attachment":[{"href":"https:\/\/www.leschambres.it\/index.php\/wp-json\/wp\/v2\/media?parent=641"}],"curies":[{"name":"wp","href":"https:\/\/api.w.org\/{rel}","templated":true}]}}