{"id":568,"date":"2017-06-29T11:51:27","date_gmt":"2017-06-29T09:51:27","guid":{"rendered":"http:\/\/www.leschambres.it\/?page_id=568"},"modified":"2017-06-29T11:51:27","modified_gmt":"2017-06-29T09:51:27","slug":"informativa-estesa-sui-cookie","status":"publish","type":"page","link":"https:\/\/www.leschambres.it\/index.php\/informativa-estesa-sui-cookie\/","title":{"rendered":"Informativa estesa sui cookie"},"content":{"rendered":"<h1>Informativa estesa sui cookie<\/h1>\n<h3>Cosa sono i cookie<\/h3>\n<p style=\"text-align: justify;\">Il cookie \u00e8 un piccolo file di testo contenente una certa quantit\u00e0 di informazioni scambiato tra un sito internet ed il tuo terminale (solitamente il browser) ed \u00e8 normalmente utilizzato dal gestore del sito internet per memorizzare le informazioni necessarie a migliorare la navigazione all&#8217;interno del sito ovvero per inviare messaggi pubblicitari in linea con le preferenze manifestate dall&#8217;utente nell&#8217;ambito della navigazione in rete. Quando si visita di nuovo lo stesso sito o qualunque altro sito il dispositivo dell&#8217;utente verifica la presenza di un cookie riconosciuto, in modo da potere leggere le informazioni in esso contenute. I diversi cookie contengono informazioni diverse e sono utilizzati per scopi differenti (navigazione efficiente nelle pagine di un medesimo sito, profilazione al fine di inviare messaggi promozionali mirati, analisi sul numero delle visite al sito).<\/p>\n<p style=\"text-align: justify;\">Nel corso della navigazione l&#8217;utente pu\u00f2 ricevere sul suo terminale anche cookie inviati da siti o da web server diversi (c.d. terze parti), sui quali possono risiedere alcuni elementi (ad es. immagini, mappe, suoni, specifici link a pagine di altri domini) presenti sul sito che l&#8217;utente sta visitando.<\/p>\n<p style=\"text-align: justify;\">Pi\u00f9 in generale, alcuni cookie (definiti cookie di sessione) sono assegnati al dispositivo dell&#8217;utente soltanto per la durata dell&#8217;accesso al sito e scadono automaticamente alla chiusura del browser. Altri cookie (definiti persistenti) restano nel dispositivo per un periodo di tempo prolungato.<\/p>\n<p>Le specifiche finalit\u00e0 delle diverse tipologie di cookie installati in questo sito sono di seguito descritte.<\/p>\n<p>Caratteristiche e finalit\u00e0 dei cookie installati dal sito<\/p>\n<h3>Cookie tecnici:<\/h3>\n<p style=\"text-align: justify;\">Si tratta di cookie utilizzati specificamente per permettere il corretto funzionamento e la fruizione dei nostri siti. I cookie tecnici vengono ad esempio utilizzati per la funzionalit\u00e0 di login dell&#8217;utente. Sono erogati principalmente dai nostri server o, nel caso dell&#8217;integrazione di servizi esterni come i social network, da terze parti.<\/p>\n<h3>Cookie di profilazione:<\/h3>\n<p style=\"text-align: justify;\">Si tratta di cookie utilizzati al fine di inviare messaggi pubblicitari in linea con le preferenze manifestate dall&#8217;utente nell&#8217;ambito della navigazione in rete. Possono essere erogati da nostri server oppure tramite il nostro sito da terze parti. Le aziende che offrono o pubblicizzano i propri prodotti tramite questo sito potrebbero assegnare cookie ai terminali degli utenti. Le categorie di cookie utilizzate e il tipo di trattamento di dati personali da parte di queste aziende sono regolati in conformit\u00e0 all&#8217;informativa rese da queste aziende.<\/p>\n<h3>Cookie analitici:<\/h3>\n<p style=\"text-align: justify;\">Si tratta di cookie utilizzati per analisi statistiche, per migliorare il sito e semplificarne l&#8217;utilizzo oltre che per monitorarne il corretto funzionamento. Questo tipo di cookie raccoglie informazioni in forma anonima sull&#8217;attivit\u00e0 degli utenti nel sito. Questo tipo di cookie viene erogato esclusivamente da terze parti.<\/p>\n<h4>Come prestare o revocare il consenso<\/h4>\n<p style=\"text-align: justify;\">Il consenso all&#8217;utilizzo dei cookie viene prestato inizialmente cliccando sul tasto &#8220;accetto&#8221; posizionato all&#8217;interno dell&#8217;informativa breve \/ banner iniziale oppure procedendo con la navigazione, e pu\u00f2 essere revocato in ogni momento.<\/p>\n","protected":false},"excerpt":{"rendered":"<p>Informativa estesa sui cookie Cosa sono i cookie Il cookie \u00e8 un piccolo file di testo contenente una certa quantit\u00e0 di informazioni scambiato tra un sito internet ed il tuo terminale (solitamente il browser) ed \u00e8 normalmente utilizzato dal gestore del sito internet per memorizzare le informazioni necessarie a migliorare la navigazione all&#8217;interno del sito ovvero per inviare messaggi pubblicitari in linea con le preferenze manifestate dall&#8217;utente nell&#8217;ambito della navigazione in rete. Quando si visita di nuovo lo stesso sito o qualunque altro sito il dispositivo dell&#8217;utente verifica la presenza di un cookie riconosciuto, in modo da potere leggere le informazioni in esso contenute. I diversi cookie contengono informazioni diverse e sono utilizzati per scopi differenti (navigazione efficiente nelle pagine di un medesimo sito, profilazione al fine di inviare messaggi promozionali mirati, analisi sul numero delle visite al sito). Nel corso della navigazione l&#8217;utente pu\u00f2 ricevere sul suo terminale anche cookie inviati da siti o da web server diversi (c.d. terze parti), sui quali possono risiedere alcuni elementi (ad es. immagini, mappe, suoni, specifici link a pagine di altri domini) presenti sul sito che l&#8217;utente sta visitando. Pi\u00f9 in generale, alcuni cookie (definiti cookie di sessione) sono assegnati al dispositivo dell&#8217;utente soltanto per la durata dell&#8217;accesso al sito e scadono automaticamente alla chiusura del browser. Altri cookie (definiti persistenti) restano nel dispositivo per un periodo di tempo prolungato. Le specifiche finalit\u00e0 delle diverse tipologie di cookie installati in questo sito sono di seguito descritte. Caratteristiche e finalit\u00e0 dei cookie installati dal sito Cookie tecnici: Si tratta di cookie utilizzati specificamente per permettere il corretto funzionamento e la fruizione dei nostri siti. I cookie tecnici vengono ad esempio utilizzati per la funzionalit\u00e0 di login dell&#8217;utente. Sono erogati principalmente dai nostri server o, nel caso dell&#8217;integrazione di servizi esterni come i social network, da terze parti. Cookie di profilazione: Si tratta di cookie utilizzati al fine di inviare messaggi pubblicitari in linea con le preferenze manifestate dall&#8217;utente nell&#8217;ambito della navigazione in rete. Possono essere erogati da nostri server oppure tramite il nostro sito da terze parti. Le aziende che offrono o pubblicizzano i propri prodotti tramite questo sito potrebbero assegnare cookie ai terminali degli utenti. Le categorie di cookie utilizzate e il tipo di trattamento di dati personali da parte di queste aziende sono regolati in conformit\u00e0 all&#8217;informativa rese da queste aziende. Cookie analitici: Si tratta di cookie utilizzati per analisi statistiche, per migliorare il sito e semplificarne l&#8217;utilizzo oltre che per monitorarne il corretto funzionamento. Questo tipo di cookie raccoglie informazioni in forma anonima sull&#8217;attivit\u00e0 degli utenti nel sito. Questo tipo di cookie viene erogato esclusivamente da terze parti. Come prestare o revocare il consenso Il consenso all&#8217;utilizzo dei cookie viene prestato inizialmente cliccando sul tasto &#8220;accetto&#8221; posizionato all&#8217;interno dell&#8217;informativa breve \/ banner iniziale oppure procedendo con la navigazione, e pu\u00f2 essere revocato in ogni momento.<\/p>\n","protected":false},"author":2,"featured_media":0,"parent":0,"menu_order":0,"comment_status":"closed","ping_status":"closed","template":"","meta":[],"_links":{"self":[{"href":"https:\/\/www.leschambres.it\/index.php\/wp-json\/wp\/v2\/pages\/568"}],"collection":[{"href":"https:\/\/www.leschambres.it\/index.php\/wp-json\/wp\/v2\/pages"}],"about":[{"href":"https:\/\/www.leschambres.it\/index.php\/wp-json\/wp\/v2\/types\/page"}],"author":[{"embeddable":true,"href":"https:\/\/www.leschambres.it\/index.php\/wp-json\/wp\/v2\/users\/2"}],"replies":[{"embeddable":true,"href":"https:\/\/www.leschambres.it\/index.php\/wp-json\/wp\/v2\/comments?post=568"}],"version-history":[{"count":1,"href":"https:\/\/www.leschambres.it\/index.php\/wp-json\/wp\/v2\/pages\/568\/revisions"}],"predecessor-version":[{"id":570,"href":"https:\/\/www.leschambres.it\/index.php\/wp-json\/wp\/v2\/pages\/568\/revisions\/570"}],"wp:attachment":[{"href":"https:\/\/www.leschambres.it\/index.php\/wp-json\/wp\/v2\/media?parent=568"}],"curies":[{"name":"wp","href":"https:\/\/api.w.org\/{rel}","templated":true}]}}