{"id":5024,"date":"2023-01-17T16:33:05","date_gmt":"2023-01-17T15:33:05","guid":{"rendered":"https:\/\/www.leschambres.it\/?page_id=5024"},"modified":"2023-04-26T18:24:37","modified_gmt":"2023-04-26T16:24:37","slug":"grotte-in-sardegna","status":"publish","type":"page","link":"https:\/\/www.leschambres.it\/index.php\/grotte-in-sardegna\/","title":{"rendered":"Grotte e Miniere in Sardegna"},"content":{"rendered":"\n<p><strong>Se ami la Sardegna questa e la pagina che fa per te.<\/strong><\/p>\n\n\n\n<p>Sardegna isola di tradizioni, dove cielo e mare e terra si fondono, dove splendidi tramonti fanno da cornice a questa Isola Meravgiliosa, da tempo ambita meta turistica, apprezzata per le sue bellissime spiagge e mare cristallino.<\/p>\n\n\n\n<p>Ma la Sardegna non \u00e8 solo Mare e Spiaggie, \u00e8 Natura incontaminata, \u00e8 luoghi ancora da scoprire, fuori e lontano dalle abituali mete Turistiche<\/p>\n\n\n\n<p>In questa nostra pagina vogliamo aiutarvi a scoprire questi luoghi e le opportunit\u00e0 che questa Antica Terra Offre . . . . . . .<\/p>\n\n\n\n<p><strong>Lo Sapevi che<\/strong>: In Sardegna ci sono  Luoghi dove lo scorrere del tempo e la sua secolare Opera sono visibili, visitate le Innumerevoli Grotte Sparse in tutta L&#8217;isola, la magia di queste formazioni e qualcosa di indescrivibile e meraviglioso, per questo vi invitiamo se ne avete la possibilit\u00e0 di Visitarle.<\/p>\n\n\n\n<p>In questa pagina Troverete una piccola lista di quelle per noi pi\u00f9 caratteristiche.<\/p>\n\n\n\n<h2>Consigli per visitare le grotte<\/h2>\n\n\n\n<p>Molte di queste sono visitabili solo con guida, e altre solo in alcuni periodi dell&#8217;anno.<\/p>\n\n\n\n<p>Vi consigliamo di fare delle ricerche e di rivolgervi sempre a una guida esperta che vi garantir\u00e0 un escursione in tutta sicurezza, e con le sue conoscenze del luogho rendera la vostra escursione certamente pi\u00f9 entusiasmante, fornendovi le attrezzature che in alcuni casi sono obbligatorie.<\/p>\n\n\n\n<ol><li><a rel=\"noreferrer noopener\" href=\"https:\/\/goo.gl\/maps\/hgy9qkVwoPb8zCYD7\" target=\"_blank\">Grotte Su Mannau<\/a> &#8211; <\/li><li><a rel=\"noreferrer noopener\" href=\"https:\/\/goo.gl\/maps\/UgbF8MHxpnta3Shp7\" target=\"_blank\">Grotte Ispinigoli<\/a> &#8211; Dorgali &#8211; Nuoro<\/li><li><a rel=\"noreferrer noopener\" href=\"https:\/\/goo.gl\/maps\/RqQkr9skXi6oYsqi6\" target=\"_blank\">Grotta di Cala Luna<\/a> &#8211; Cala Gonone &#8211; Dorgali Nuoro<\/li><li><a rel=\"noreferrer noopener\" href=\"https:\/\/goo.gl\/maps\/RqQkr9skXi6oYsqi6\" target=\"_blank\">Grotte del Bue Marino<\/a> &#8211; Dorgali &#8211; Nuoro<\/li><li><a rel=\"noreferrer noopener\" href=\"https:\/\/goo.gl\/maps\/sxB389YRvnNJgFZD7\" target=\"_blank\">Grotta di San Giovanni Su Anzu<\/a> &#8211; Dorgali &#8211; Nuoro<\/li><li><a rel=\"noreferrer noopener\" href=\"https:\/\/goo.gl\/maps\/gqiiW9xwyANkKySaA\" target=\"_blank\">Grotte Is Zuddas<\/a> &#8211; Santadi<\/li><li><a rel=\"noreferrer noopener\" href=\"https:\/\/goo.gl\/maps\/vaXjKAKub1tdGRB9A\" target=\"_blank\">Grotta Su Mannau<\/a> &#8211; Flumini Maggiore<\/li><li><a rel=\"noreferrer noopener\" href=\"https:\/\/goo.gl\/maps\/LHrZe8LJAMVaFjuB8\" target=\"_blank\">Grotta Su Marmuri<\/a> &#8211; Ullassai &#8211; Nuoro<\/li><li><a rel=\"noreferrer noopener\" href=\"https:\/\/goo.gl\/maps\/W8byTJ7vEyMrKbMp6\" target=\"_blank\">Su Stampu de su T\u00f9rrunu<\/a> &#8211; Seulo &#8211; Cagliari<\/li><li><a rel=\"noreferrer noopener\" href=\"https:\/\/goo.gl\/maps\/kytdo89nmcUUCx8g6\" target=\"_blank\">Grotte Is Janas &#8211; Seulo<\/a> &#8211; Cagliari<\/li><li><a rel=\"noreferrer noopener\" href=\"https:\/\/goo.gl\/maps\/Uo9TNgEnDnWqn6sN7\" target=\"_blank\">Grotta Su Benatzu<\/a> &#8211; Santadi &#8211; Cagliari<\/li><li><a rel=\"noreferrer noopener\" href=\"https:\/\/goo.gl\/maps\/3q64wKcEVx7aFwhd8\" target=\"_blank\">Grotte Sa Oche e Su Bentu<\/a>  &#8211; Oliena &#8211; Nuoro<\/li><li><a rel=\"noreferrer noopener\" href=\"https:\/\/goo.gl\/maps\/Biu65nR9QvpThzP99\" target=\"_blank\">Grotta Corbeddu<\/a> &#8211; Oliena &#8211; Nuoro<\/li><li><a rel=\"noreferrer noopener\" href=\"https:\/\/goo.gl\/maps\/fCqLXJ3NxwDM51cc6\" target=\"_blank\">Grotte di Nettuno<\/a> &#8211; Alghero &#8211; sassari<\/li><li><a rel=\"noreferrer noopener\" href=\"https:\/\/goo.gl\/maps\/RzaGEVvwpqPesLvq9\" target=\"_blank\">Grotta Nereo<\/a> &#8211; Capo caccia Alghero &#8211; Sassari<\/li><li><a rel=\"noreferrer noopener\" href=\"https:\/\/goo.gl\/maps\/4vMrzgjRDXC6FLWLA\" target=\"_blank\">Grotta delle Brocche Rotte<\/a> &#8211; ALghero &#8211; Sassari<\/li><li><a rel=\"noreferrer noopener\" href=\"https:\/\/goo.gl\/maps\/Fwb3NWT6bUTEPehk6\" target=\"_blank\">Grotta Azzurra<\/a> &#8211; Masua &#8211; Via Mare<\/li><li><a rel=\"noreferrer noopener\" href=\"https:\/\/goo.gl\/maps\/mpN4P4W8gvdjtyCN6\" target=\"_blank\">Grotta del Fico<\/a> &#8211; Santa Maria Navarrese &#8211; Baunei  &#8211; Nuoro <\/li><li><a rel=\"noreferrer noopener\" href=\"https:\/\/goo.gl\/maps\/8uTadMdym5oSLFeG8\" target=\"_blank\">Grotta De Su Meraculu<\/a> &#8211; Baunei, Cala Sisine &#8211; Nuoro<\/li><li><a rel=\"noreferrer noopener\" href=\"https:\/\/goo.gl\/maps\/3hkLdYS34TVHNdsy7\" target=\"_blank\">Grotta di San Giovanni<\/a> &#8211; Domuns Novas &#8211; Iglesias <\/li><li><a rel=\"noreferrer noopener\" href=\"https:\/\/goo.gl\/maps\/o7tka8NcXfjhuhRB8\" target=\"_blank\">Miniere di Monte Poni<\/a> &#8211; Iglesias <\/li><li><a rel=\"noreferrer noopener\" href=\"https:\/\/goo.gl\/maps\/oj1qsjngBXGt7RZC8\" target=\"_blank\">Miniere di Ingurtosu <\/a> &#8211; <a rel=\"noreferrer noopener\" href=\"https:\/\/goo.gl\/maps\/hVhemQDif8kRCgJk9\" target=\"_blank\">Villaggio Minerario<\/a><\/li><li><a rel=\"noreferrer noopener\" href=\"https:\/\/goo.gl\/maps\/A7ohLMZ3LPCEFRN79\" target=\"_blank\">Miniere di Monte Vecchio<\/a> &#8211; Guspini<\/li><li><a rel=\"noreferrer noopener\" href=\"https:\/\/goo.gl\/maps\/mY2qAjwAaTrz12XK7\" target=\"_blank\">Miniere di Porto Flavia<\/a> &#8211; Masua<\/li><li><a rel=\"noreferrer noopener\" href=\"https:\/\/goo.gl\/maps\/o1WRwDsfKvHct5ENA\" target=\"_blank\">Grotta di Santa Barbara<\/a>  &#8211; Iglesias &#8211; Cagliari<\/li><li><a rel=\"noreferrer noopener\" href=\"https:\/\/goo.gl\/maps\/cUEAZJg4N3hhZVB9A\" target=\"_blank\">Grotta san Giovanni<\/a> &#8211; Domus Nova <\/li><li><a rel=\"noreferrer noopener\" href=\"https:\/\/goo.gl\/maps\/n13nSAgdqXibS5kUA\" target=\"_blank\">Grotta di Sa Conca &#8216;e Locoli<\/a> &#8211; Siniscola &#8211; Nuoro<\/li><li><a rel=\"noreferrer noopener\" href=\"https:\/\/goo.gl\/maps\/hqwii6Rq6BqVG5uC9\" target=\"_blank\">Grotta di Gana &#8216;e Gortoe<\/a> &#8211; Siniscola &#8211; Nuoro<\/li><li><a rel=\"noreferrer noopener\" href=\"https:\/\/goo.gl\/maps\/csVy6gWqXm3eou5u5\" target=\"_blank\">Grotta &#8220;Sa Prejone &#8216;e S&#8217;Orcu<\/a>&#8220;- Siniscola &#8211; Nuoro<\/li><\/ol>\n\n\n\n<p><\/p>\n\n\n\n<h2>Pagina in aggiornamento<\/h2>\n\n\n\n<h1 style=\"font-size:22px\"><a href=\"https:\/\/goo.gl\/maps\/n8q3p2qrq6n9KCMu6\" target=\"_blank\" rel=\"noreferrer noopener\">Grotta Is Janas<\/a><\/h1>\n\n\n\n<div class=\"wp-block-media-text alignwide is-stacked-on-mobile\"><figure class=\"wp-block-media-text__media\"><img loading=\"lazy\" width=\"1100\" height=\"731\" src=\"https:\/\/www.leschambres.it\/wp-content\/uploads\/2023\/01\/Grotte-di-Is-Janas01.jpg\" alt=\"\" class=\"wp-image-5078 size-full\" srcset=\"https:\/\/www.leschambres.it\/wp-content\/uploads\/2023\/01\/Grotte-di-Is-Janas01.jpg 1100w, https:\/\/www.leschambres.it\/wp-content\/uploads\/2023\/01\/Grotte-di-Is-Janas01-300x199.jpg 300w, https:\/\/www.leschambres.it\/wp-content\/uploads\/2023\/01\/Grotte-di-Is-Janas01-768x510.jpg 768w\" sizes=\"(max-width: 1100px) 100vw, 1100px\" \/><\/figure><div class=\"wp-block-media-text__content\">\n<p><strong>Is Janas  <\/strong>                                         Si trova nel territorio di <strong>Sadali<\/strong> nel sud della Sardegna, al confine con Seulo, nello spettacolare territorio della Barbagia, nel cuore della Sardegna.&nbsp;<\/p>\n<\/div><\/div>\n\n\n\n<div class=\"wp-block-columns\">\n<div class=\"wp-block-column\">\n<hr class=\"wp-block-separator is-style-default\"\/>\n\n\n\n<div class=\"wp-block-media-text alignwide is-stacked-on-mobile\"><figure class=\"wp-block-media-text__media\"><img loading=\"lazy\" width=\"1200\" height=\"710\" src=\"https:\/\/www.leschambres.it\/wp-content\/uploads\/2023\/01\/grotte_is_janas.jpg\" alt=\"\" class=\"wp-image-5079 size-full\" srcset=\"https:\/\/www.leschambres.it\/wp-content\/uploads\/2023\/01\/grotte_is_janas.jpg 1200w, https:\/\/www.leschambres.it\/wp-content\/uploads\/2023\/01\/grotte_is_janas-300x178.jpg 300w, https:\/\/www.leschambres.it\/wp-content\/uploads\/2023\/01\/grotte_is_janas-768x454.jpg 768w\" sizes=\"(max-width: 1200px) 100vw, 1200px\" \/><\/figure><div class=\"wp-block-media-text__content\">\n<hr class=\"wp-block-separator aligncenter is-style-default\"\/>\n\n\n\n<p>Il periodo di apertura va dal 1\u00b0 Maggio al 30 Settembre, con orario 10\/13 e 15\/18. Per visite durante il restante periodo dell&#8217;anno, occorre contattare il numero +39 320 6253278<\/p>\n<\/div><\/div>\n<\/div>\n<\/div>\n\n\n\n<hr class=\"wp-block-separator is-style-wide\"\/>\n\n\n\n<p><\/p>\n","protected":false},"excerpt":{"rendered":"<p>Se ami la Sardegna questa e la pagina che fa per te. Sardegna isola di tradizioni, dove cielo e mare e terra si fondono, dove splendidi tramonti fanno da cornice a questa Isola Meravgiliosa, da tempo ambita meta turistica, apprezzata per le sue bellissime spiagge e mare cristallino. Ma la Sardegna non \u00e8 solo Mare e Spiaggie, \u00e8 Natura incontaminata, \u00e8 luoghi ancora da scoprire, fuori e lontano dalle abituali mete Turistiche In questa nostra pagina vogliamo aiutarvi a scoprire questi luoghi e le opportunit\u00e0 che questa Antica Terra Offre . . . . . . . Lo Sapevi che: In Sardegna ci sono Luoghi dove lo scorrere del tempo e la sua secolare Opera sono visibili, visitate le Innumerevoli Grotte Sparse in tutta L&#8217;isola, la magia di queste formazioni e qualcosa di indescrivibile e meraviglioso, per questo vi invitiamo se ne avete la possibilit\u00e0 di Visitarle. In questa pagina Troverete una piccola lista di quelle per noi pi\u00f9 caratteristiche. Consigli per visitare le grotte Molte di queste sono visitabili solo con guida, e altre solo in alcuni periodi dell&#8217;anno. Vi consigliamo di fare delle ricerche e di rivolgervi sempre a una guida esperta che vi garantir\u00e0 un escursione in tutta sicurezza, e con le sue conoscenze del luogho rendera la vostra escursione certamente pi\u00f9 entusiasmante, fornendovi le attrezzature che in alcuni casi sono obbligatorie. Grotte Su Mannau &#8211; Grotte Ispinigoli &#8211; Dorgali &#8211; Nuoro Grotta di Cala Luna &#8211; Cala Gonone &#8211; Dorgali Nuoro Grotte del Bue Marino &#8211; Dorgali &#8211; Nuoro Grotta di San Giovanni Su Anzu &#8211; Dorgali &#8211; Nuoro Grotte Is Zuddas &#8211; Santadi Grotta Su Mannau &#8211; Flumini Maggiore Grotta Su Marmuri &#8211; Ullassai &#8211; Nuoro Su Stampu de su T\u00f9rrunu &#8211; Seulo &#8211; Cagliari Grotte Is Janas &#8211; Seulo &#8211; Cagliari Grotta Su Benatzu &#8211; Santadi &#8211; Cagliari Grotte Sa Oche e Su Bentu &#8211; Oliena &#8211; Nuoro Grotta Corbeddu &#8211; Oliena &#8211; Nuoro Grotte di Nettuno &#8211; Alghero &#8211; sassari Grotta Nereo &#8211; Capo caccia Alghero &#8211; Sassari Grotta delle Brocche Rotte &#8211; ALghero &#8211; Sassari Grotta Azzurra &#8211; Masua &#8211; Via Mare Grotta del Fico &#8211; Santa Maria Navarrese &#8211; Baunei &#8211; Nuoro Grotta De Su Meraculu &#8211; Baunei, Cala Sisine &#8211; Nuoro Grotta di San Giovanni &#8211; Domuns Novas &#8211; Iglesias Miniere di Monte Poni &#8211; Iglesias Miniere di Ingurtosu &#8211; Villaggio Minerario Miniere di Monte Vecchio &#8211; Guspini Miniere di Porto Flavia &#8211; Masua Grotta di Santa Barbara &#8211; Iglesias &#8211; Cagliari Grotta san Giovanni &#8211; Domus Nova Grotta di Sa Conca &#8216;e Locoli &#8211; Siniscola &#8211; Nuoro Grotta di Gana &#8216;e Gortoe &#8211; Siniscola &#8211; Nuoro Grotta &#8220;Sa Prejone &#8216;e S&#8217;Orcu&#8220;- Siniscola &#8211; Nuoro Pagina in aggiornamento Grotta Is Janas Is Janas Si trova nel territorio di Sadali nel sud della Sardegna, al confine con Seulo, nello spettacolare territorio della Barbagia, nel cuore della Sardegna.&nbsp;<\/p>\n","protected":false},"author":2,"featured_media":0,"parent":0,"menu_order":0,"comment_status":"closed","ping_status":"closed","template":"","meta":[],"_links":{"self":[{"href":"https:\/\/www.leschambres.it\/index.php\/wp-json\/wp\/v2\/pages\/5024"}],"collection":[{"href":"https:\/\/www.leschambres.it\/index.php\/wp-json\/wp\/v2\/pages"}],"about":[{"href":"https:\/\/www.leschambres.it\/index.php\/wp-json\/wp\/v2\/types\/page"}],"author":[{"embeddable":true,"href":"https:\/\/www.leschambres.it\/index.php\/wp-json\/wp\/v2\/users\/2"}],"replies":[{"embeddable":true,"href":"https:\/\/www.leschambres.it\/index.php\/wp-json\/wp\/v2\/comments?post=5024"}],"version-history":[{"count":18,"href":"https:\/\/www.leschambres.it\/index.php\/wp-json\/wp\/v2\/pages\/5024\/revisions"}],"predecessor-version":[{"id":5552,"href":"https:\/\/www.leschambres.it\/index.php\/wp-json\/wp\/v2\/pages\/5024\/revisions\/5552"}],"wp:attachment":[{"href":"https:\/\/www.leschambres.it\/index.php\/wp-json\/wp\/v2\/media?parent=5024"}],"curies":[{"name":"wp","href":"https:\/\/api.w.org\/{rel}","templated":true}]}}