{"id":331,"date":"2017-04-21T12:59:31","date_gmt":"2017-04-21T10:59:31","guid":{"rendered":"http:\/\/new.leschambres.it\/?page_id=331"},"modified":"2025-06-10T08:38:26","modified_gmt":"2025-06-10T06:38:26","slug":"prezzi","status":"publish","type":"page","link":"https:\/\/www.leschambres.it\/index.php\/prezzi\/","title":{"rendered":"Prezzi"},"content":{"rendered":"\n<h3>Listino prezzi 2025\/26<\/h3>\n\n\n\n<p>I prezzi indicati si intendono per camera in sistemazione doppia.<\/p>\n\n\n\n<figure class=\"wp-block-table is-style-regular\"><table><tbody><tr><td><strong> <\/strong><\/td><td class=\"has-text-align-center\" data-align=\"center\"><strong>Prezzo minimo<\/strong><\/td><td class=\"has-text-align-center\" data-align=\"center\"><strong>Prezzo Massimo<\/strong><\/td><\/tr><tr><td><a href=\"https:\/\/www.leschambres.it\/index.php\/camera-monique#listino\"><strong>Monique<\/strong><br><sub>Camera Standard<\/sub><\/a><\/td><td class=\"has-text-align-center\" data-align=\"center\">\u20ac 80,00<\/td><td class=\"has-text-align-center\" data-align=\"center\">\u20ac 200,00<\/td><\/tr><tr><td><a href=\"https:\/\/www.leschambres.it\/index.php\/camera-giorgia#listino\"><strong>Giorgia<\/strong><br><sub>Camera Superior<\/sub><\/a><\/td><td class=\"has-text-align-center\" data-align=\"center\">\u20ac 80,00<\/td><td class=\"has-text-align-center\" data-align=\"center\">\u20ac 200,00<\/td><\/tr><tr><td><a href=\"https:\/\/www.leschambres.it\/index.php\/camera-antoine#listino\"><strong>Antoine<\/strong><br><sub>Camera Superior<\/sub><\/a><\/td><td class=\"has-text-align-center\" data-align=\"center\">\u20ac 80,00<\/td><td class=\"has-text-align-center\" data-align=\"center\">\u20ac 200,00<\/td><\/tr><tr><td><a rel=\"noreferrer noopener\" href=\"https:\/\/www.leschambres.it\/index.php\/suite-sucette#listino\" target=\"_blank\"><strong>Sucette<\/strong><br><sub>Suite DeLuxe<\/sub><\/a><\/td><td class=\"has-text-align-center\" data-align=\"center\">\u20ac 80,00<\/td><td class=\"has-text-align-center\" data-align=\"center\">\u20ac 220,00<\/td><\/tr><tr><td><a rel=\"noreferrer noopener\" href=\"https:\/\/www.leschambres.it\/index.php\/le_floreal-_deluxe_room\/\" target=\"_blank\"><strong>Flore&#8217;al<\/strong><br><sub>Suite DeLuxe<\/sub><\/a><\/td><td class=\"has-text-align-center\" data-align=\"center\">\u20ac 80,00<\/td><td class=\"has-text-align-center\" data-align=\"center\">\u20ac 220,00<\/td><\/tr><tr><td><a rel=\"noreferrer noopener\" href=\"https:\/\/www.leschambres.it\/index.php\/francois-le-cordonnier\/\" target=\"_blank\"><strong>Francois<\/strong><br><sub>Suite DeLuxe<\/sub><\/a><\/td><td class=\"has-text-align-center\" data-align=\"center\">\u20ac 80,00<\/td><td class=\"has-text-align-center\" data-align=\"center\">190,00<\/td><\/tr><\/tbody><\/table><\/figure>\n\n\n\n<hr class=\"wp-block-separator is-style-wide\"\/>\n\n\n\n<h2>Vuoi conoscere il costo della tua Vacanza nella nostra struttura ?<\/h2>\n\n\n\n<p>Inserisci le tue date e premi prenota, conoscerai le nostre disponibilit\u00e0 e il costo, solo dopo potrai scegliere se confermare.<\/p>\n\n\n\n<hr class=\"wp-block-separator is-style-wide\"\/>\n\n\n\n<h2>Les Chambres suites &amp; rooms<\/h2>\n\n\n\n<!-- Inizio - Booking Bed-and-breakfast.it --><iframe src=\"https:\/\/www.bed-and-breakfast.it\/scripts\/widget-richieste\/widget_iframe.cfm?idbooking=25463&amp;l=it&amp;colore=ir_bianco_piatto&amp;wl=1\" scrolling=\"no\" frameborder=\"0\" style=\"border:none;overflow:hidden;max-width:550px;width:100%;height:420px;\" allowtransparency=\"true\"><\/iframe><!-- Fine - Booking Bed-and-breakfast.it -->\n\n\n\n<hr class=\"wp-block-separator is-style-wide\"\/>\n\n\n\n<h2>Francois le Cordonnier maison de charme<\/h2>\n\n\n\n<p>Inserisci le date del tuo soggiorno per conoscere il costo e le nostre disponibilit\u00e0 per della tua Vacanza.<\/p>\n\n\n\n<!-- Inizio - Booking Bed-and-breakfast.it --><iframe src=\"https:\/\/www.bed-and-breakfast.it\/scripts\/widget-richieste\/widget_iframe.cfm?idbooking=36410&amp;l=it&amp;colore=ir_bianco_piatto&amp;wl=1\" scrolling=\"no\" frameborder=\"0\" style=\"border:none;overflow:hidden;max-width:550px;width:100%;height:420px;\" allowtransparency=\"true\"><\/iframe><!-- Fine - Booking Bed-and-breakfast.it -->\n\n\n\n<h2>Offerte<\/h2>\n\n\n\n<p>Sconto del 10% per soggiorni confermati entro il 30 Aprile, minimo 6 notti, soggetto a saldo immediato, non rimborsabile                                                                                               <\/p>\n\n\n\n<p><strong>Check-in<\/strong> dopo le ore 15:00 &#8211; 20,00<\/p>\n\n\n\n<p><strong>Check-out<\/strong> entro e non oltre le ore 10:00<\/p>\n\n\n\n<h3>Tassa di soggiorno<\/h3>\n\n\n\n<p>La tassa di soggiorno (non compresa nel prezzo di listino) da pagare in loco \u00e8 di \u20ac 1,50 a persona al giorno.&nbsp; (tassa obbligatoria solo dal 1 Giugno al 30 Settembre).<\/p>\n\n\n\n<h3>Pagamenti<\/h3>\n\n\n\n<p>Alla prenotazione \u00e8 richiesto il 30% del totale mentre il saldo va versato al momento del Check-in esclusivamente in contanti.<\/p>\n\n\n\n<h3>Cancellazioni<\/h3>\n\n\n\n<p>Per cancellazioni entro i 60 giorni dall&#8217;arrivo \u00e8 previsto l&#8217;intero rimborso della caparra.<br>Per cancellazioni dopo i 60 giorni non \u00e8 previsto nessun rimborso.<br>In caso di partenza anticipiata non \u00e8 previsto nessun rimborso.<\/p>\n\n\n\n<style type=\"text\/css\"> .magee-btn-normal,.magee-btn-normal:hover{text-decoration:none !important;}a.button-69f46286805a6,a.button-69f46286805a6:hover{color:#000000;}a.button-69f46286805a6 {color: #000000 !important;border-color: #000000 !important;}<\/style><a href=\"https:\/\/www.leschambres.it\/index.php\/condizioni-generali\/\" target=\"_self\" style=\"\" class=\" magee-btn-normal button-69f46286805a6 btn-rounded btn-md\" id=\"\"><i class=\"fa fa-info-circle \"><\/i>  Vedi le condizioni generali<\/a>\n\n\n\n<style type=\"text\/css\" scoped=\"scoped\">.divider-69f4628684296{ margin-top: 30px;margin-bottom:30px;width:100%;}.divider-69f4628684296 .divider-border{border-bottom-width:5px; border-color:#f2f2f2;}.divider-69f4628684296 .double-line.divider-inner-item .divider-inner{border-top-width: 5px; border-bottom-width: 5px;}.divider-69f4628684296 .divider-border.divider-inner-item .divider-inner{ border-bottom-width: 5px;} <\/style><div class=\" divider divider-69f4628684296 divider-shadow\" id=\"\" style=\"margin-top:; margin-bottom:;\"><div class=\"divider-inner divider-border\"><\/div><\/div>\n\n\n\n<h3>Richiedici informazioni o prenota subito!<\/h3>\n\n\n<style type=\"text\/css\">\r\n\t                                  .contact-form-69f4628687f86 .contact-form-line {\r\n\t\t\t\t\t\t\t\t\t\t  color: #963;\r\n\t\t\t\t\t\t\t\t\t\t  }\r\n\t\t\t\t\t\t\t\t\t .contact-form-69f4628687f86 .contact-form-custom .form-control {\r\n\t\t\t\t\t\t\t\t\t\t  padding: 20px;\r\n\t\t\t\t\t\t\t\t\t\t  border-color: #963;\r\n\t\t\t\t\t\t\t\t\t\t  color: #963;\r\n\t\t\t\t\t\t\t\t\t  }\r\n\t\t\t\t\t\t\t\t\t.contact-form-69f4628687f86 .contact-form-custom input:focus,\r\n\t\t\t\t\t\t\t\t\t.contact-form-69f4628687f86 .contact-form-custom textarea:focus {\r\n\t\t\t\t\t\t\t\t\t\t  border-color: #963;\r\n\t\t\t\t\t\t\t\t\t\t  box-shadow: 0 0 5px 1px rgba(0,0,0,.1);\r\n\t\t\t\t\t\t\t\t\t  }\r\n\t\t\t\t\t\t\t\t\t.contact-form-69f4628687f86 .contact-form-custom input[type=\"submit\"] {\r\n\t\t\t\t\t\t\t\t\t\t  background-color:#963;\r\n\t\t\t\t\t\t\t\t\t  }\r\n\t\t\t\t\t\t\t\t\t  \r\n\t\t\t\t\t\t\t\t\t .contact-form-69f4628687f86 .magee-contact-form.contact-form-line .form-control{\r\n\t\t\t\t\t\t\t\t\t\t  color:#963;\r\n\t\t\t\t\t\t\t\t\t\t  border-color: #963;\r\n\t\t\t\t\t\t\t\t\t\t  }\r\n\t\t\t\t\t\t\t\t  .contact-form-69f4628687f86 .magee-btn-normal.btn-line {\r\n\t\t\t\t\t\t\t\t\t\t\tborder-color: #963;\r\n\t\t\t\t\t\t\t\t\t\t\tcolor: #963;\r\n\t\t\t\t\t\t\t\t\t\t\t}\r\n\t\t\t\t\t\t\t\t\t.contact-form-69f4628687f86 .magee-contact-form.contact-form-bg .form-control,\r\n\t\t\t\t\t\t\t\t\t.contact-form-69f4628687f86 .magee-contact-form.contact-form-bg .magee-btn-normal{\r\n\t\t\t\t\t\t\t\t\t\t background-color:#963;\r\n\t\t\t\t\t\t\t\t\t\t}\r\n\t\t\t\t\t\t\t\t  \r\n\t\t\t\t\t\t\t\t  <\/style><div id=\"\" class=\"magee-contact-form-wrap  contact-form-69f4628687f86\"><form action=\"post\" class=\"magee-contact-form contact-form-classic\"><div class=\"row\">\r\n                                                        <div class=\"form-group col-md-6\">\r\n                                                            <label class=\"control-label sr-only\" for=\"name\">Name<\/label>\r\n                                                            <div class=\"input-group\">\r\n                                                                <span class=\"input-group-addon\"><i class=\"fa fa-user fa-fw\"><\/i><\/span>\r\n                                                                <input type=\"text\" required=\"required\" aria-required=\"true\"  class=\"form-control\" name=\"name\" id=\"name\" placeholder=\"Name *\">\r\n                                                            <\/div>                                                        \r\n                                                        <\/div>\r\n                                                        <div class=\"form-group col-md-6\">\r\n                                                            <label class=\"control-label sr-only\" for=\"\">Email address<\/label>\r\n                                                            <div class=\"input-group\">\r\n                                                                <span class=\"input-group-addon\"><i class=\"fa fa-envelope-o fa-fw\"><\/i><\/span>\r\n                                                                <input type=\"email\" required=\"required\" aria-required=\"true\"  class=\"form-control\" name=\"email\" id=\"email\" placeholder=\"Email *\">\r\n                                                            <\/div>                                                       \r\n                                                        <\/div>\r\n                                                    <\/div><div class=\"row\">\r\n                      <div class=\"form-group col-md-12\">\r\n                         <label class=\"control-label sr-only\" for=\"telephone\">Telephone<\/label>\r\n\t\t\t\t\t\t <div class=\"input-group\">\r\n                              <span class=\"input-group-addon\"><i class=\"fa fa-phone fa-fw\"><\/i><\/span>\r\n                              <input type=\"text\" required=\"required\" aria-required=\"true\"  class=\"form-control\" name=\"telephone\" id=\"telephone\" placeholder=\"Telephone *\"> \r\n\t\t\t\t\t\t <\/div>\t  \r\n                      <\/div>\r\n\t\t<\/div><div class=\"row\">\r\n                                                        <div class=\"form-group col-md-12\">\r\n                                                            <label class=\"control-label sr-only\" for=\"subject\">Subject<\/label>\r\n                                                            <div class=\"input-group\">\r\n                                                                <span class=\"input-group-addon\"><i class=\"fa fa-book fa-fw\"><\/i><\/span>\r\n                                                                <input type=\"subject\"  class=\"form-control\" name=\"subject\" id=\"subject\"  placeholder=\"Subject\">\r\n                                                            <\/div>\r\n                                                        <\/div>\r\n                                                    <\/div><div class=\"row\">\r\n                                                        <div class=\"form-group col-md-12\">\r\n                                                            <label class=\"control-label sr-only\" for=\"message\">Message<\/label>\r\n                                                            <div class=\"input-group\">\r\n                                                                <span class=\"input-group-addon\"><i class=\"fa fa-pencil fa-fw\"><\/i><\/span>\r\n                                                                <textarea required=\"required\" aria-required=\"true\"  name=\"message\" id=\"message\" rows=\"10\" placeholder=\"Message *\" class=\"form-control\"><\/textarea>\r\n                                                            <\/div>    \r\n                                                        <\/div>\r\n                                                    <\/div><div class=\"row\">\r\n                                                        <div class=\"checkbox col-md-12\">\r\n                                                            <label>\r\n                                                                <input type=\"checkbox\" id=\"checkboxWarning\" name=\"checkboxWarning\" value=\"1\" required=\"required\" aria-required=\"true\">\r\n                                                                 Acconsento al trattamento dei miei dati personali. <span class=\"required\">*<\/span>\r\n                                                            <\/label>\r\n                                                        <\/div>\r\n                                                    <\/div><div class=\"row contact-failed\"><\/div><div class=\"row\">\r\n                                                        <div class=\"form-group col-md-12\">\r\n                                                            <label class=\"control-label sr-only\" for=\"submit\">Invia<\/label>\r\n                                                            <input type=\"submit\" value=\"Invia\" id=\"submit\" class=\"magee-btn-normal\">\r\n\t\t\t\t\t\t\t\t\t\t\t\t\t\t\t<input type=\"hidden\" name=\"receiver\" id=\"receiver\" value=\"aW5mb0BsZXNjaGFtYnJlcy5pdA==\">\r\n\t\t\t\t\t\t\t\t\t\t\t\t\t\t\t<input type=\"hidden\" name=\"terms\" id=\"terms\" value=\"yes\">\r\n\t\t\t\t\t\t\t\t\t\t\t\t\t\t\t<input type=\"hidden\" name=\"required_fields\" id=\"required_fields\" value=\"name,email,telephone,message\">\r\n                                                        <\/div>\r\n                                                    <\/div><\/form><div id=\"failed-info\" style=\" display:none;\">Please fill in all of the required fields<\/div><\/div>\n\n\n\n<p><a href=\"https:\/\/www.leschambres.it\/index.php\/privacy-policy\/\">Guarda la Privacy policy<\/a><\/p>\n","protected":false},"excerpt":{"rendered":"<p>Listino prezzi 2025\/26 I prezzi indicati si intendono per camera in sistemazione doppia. Prezzo minimo Prezzo Massimo MoniqueCamera Standard \u20ac 80,00 \u20ac 200,00 GiorgiaCamera Superior \u20ac 80,00 \u20ac 200,00 AntoineCamera Superior \u20ac 80,00 \u20ac 200,00 SucetteSuite DeLuxe \u20ac 80,00 \u20ac 220,00 Flore&#8217;alSuite DeLuxe \u20ac 80,00 \u20ac 220,00 FrancoisSuite DeLuxe \u20ac 80,00 190,00 Vuoi conoscere il costo della tua Vacanza nella nostra struttura ? Inserisci le tue date e premi prenota, conoscerai le nostre disponibilit\u00e0 e il costo, solo dopo potrai scegliere se confermare. Les Chambres suites &amp; rooms Francois le Cordonnier maison de charme Inserisci le date del tuo soggiorno per conoscere il costo e le nostre disponibilit\u00e0 per della tua Vacanza. Offerte Sconto del 10% per soggiorni confermati entro il 30 Aprile, minimo 6 notti, soggetto a saldo immediato, non rimborsabile Check-in dopo le ore 15:00 &#8211; 20,00 Check-out entro e non oltre le ore 10:00 Tassa di soggiorno La tassa di soggiorno (non compresa nel prezzo di listino) da pagare in loco \u00e8 di \u20ac 1,50 a persona al giorno.&nbsp; (tassa obbligatoria solo dal 1 Giugno al 30 Settembre). Pagamenti Alla prenotazione \u00e8 richiesto il 30% del totale mentre il saldo va versato al momento del Check-in esclusivamente in contanti. Cancellazioni Per cancellazioni entro i 60 giorni dall&#8217;arrivo \u00e8 previsto l&#8217;intero rimborso della caparra.Per cancellazioni dopo i 60 giorni non \u00e8 previsto nessun rimborso.In caso di partenza anticipiata non \u00e8 previsto nessun rimborso. Richiedici informazioni o prenota subito! Guarda la Privacy policy<\/p>\n","protected":false},"author":2,"featured_media":0,"parent":0,"menu_order":0,"comment_status":"closed","ping_status":"closed","template":"","meta":[],"_links":{"self":[{"href":"https:\/\/www.leschambres.it\/index.php\/wp-json\/wp\/v2\/pages\/331"}],"collection":[{"href":"https:\/\/www.leschambres.it\/index.php\/wp-json\/wp\/v2\/pages"}],"about":[{"href":"https:\/\/www.leschambres.it\/index.php\/wp-json\/wp\/v2\/types\/page"}],"author":[{"embeddable":true,"href":"https:\/\/www.leschambres.it\/index.php\/wp-json\/wp\/v2\/users\/2"}],"replies":[{"embeddable":true,"href":"https:\/\/www.leschambres.it\/index.php\/wp-json\/wp\/v2\/comments?post=331"}],"version-history":[{"count":128,"href":"https:\/\/www.leschambres.it\/index.php\/wp-json\/wp\/v2\/pages\/331\/revisions"}],"predecessor-version":[{"id":6080,"href":"https:\/\/www.leschambres.it\/index.php\/wp-json\/wp\/v2\/pages\/331\/revisions\/6080"}],"wp:attachment":[{"href":"https:\/\/www.leschambres.it\/index.php\/wp-json\/wp\/v2\/media?parent=331"}],"curies":[{"name":"wp","href":"https:\/\/api.w.org\/{rel}","templated":true}]}}